{"id":9,"date":"2010-03-28T12:07:29","date_gmt":"2010-03-28T11:07:29","guid":{"rendered":"http:\/\/www.walden-online.de\/WP\/?page_id=9"},"modified":"2024-11-20T19:56:09","modified_gmt":"2024-11-20T18:56:09","slug":"start","status":"publish","type":"page","link":"https:\/\/www.walden-online.de\/","title":{"rendered":"\u00dcber uns"},"content":{"rendered":"\n<p>Aus R\u2026 wird jetzt T\u2026, aber ansonsten \u00e4ndert sich nix.<\/p>\n\n\n\n<blockquote class=\"wp-block-quote is-style-default has-small-font-size is-layout-flow wp-block-quote-is-layout-flow\">\n<p><\/p>\n<\/blockquote>\n\n\n\n<p>Unter diesem Motto ist die Entwicklung von der Lutz W. Beyer Industrie Immobilien GmbH zur Walden Gewerbe Immobilien GmbH zu verstehen.<\/p>\n\n\n\n<p>Seit mehr als zwei Jahrzenten stand die Alexander Walden GmbH als Gesellschafter der Lutz W. Beyer GmbH hinter dieser. Nun ist es an der Zeit f\u00fcr Ver\u00e4nderungen.<\/p>\n\n\n\n<p>Ver\u00e4nderungen jedoch nur in der Au\u00dfendarstellung aber nicht in unserer Arbeitsweise, getreu dem alten Motto \u201eWir kennen den Markt\u201c werden wir auch weiterhin mit unserem seit \u00fcber 40 Jahre gewachsenen Netzwerk f\u00fcr unsere Kunden bei ihrer Suche nach gewerblichen Immobilien oder Nutzern f\u00fcr ihre gewerblichen Immobilien individuell L\u00f6sungen erarbeiten.<br><br>Sprechen Sie uns gerne an !<\/p>\n\n\n\n<p><\/p>\n\n\n\n<p><\/p>\n","protected":false},"excerpt":{"rendered":"<p>Aus R\u2026 wird jetzt T\u2026, aber ansonsten \u00e4ndert sich nix. Unter diesem Motto ist die Entwicklung von der Lutz W. Beyer Industrie Immobilien GmbH zur Walden Gewerbe Immobilien GmbH zu verstehen. Seit mehr als zwei Jahrzenten stand die Alexander Walden GmbH als Gesellschafter der Lutz W. Beyer GmbH hinter dieser. Nun ist es an der &hellip; <\/p>\n<p class=\"link-more\"><a href=\"https:\/\/www.walden-online.de\/\" class=\"more-link\"><span class=\"screen-reader-text\">\u201e\u00dcber uns\u201c <\/span>weiterlesen<\/a><\/p>\n","protected":false},"author":1,"featured_media":0,"parent":0,"menu_order":1,"comment_status":"closed","ping_status":"closed","template":"","meta":{"footnotes":""},"class_list":["post-9","page","type-page","status-publish","hentry"],"_links":{"self":[{"href":"https:\/\/www.walden-online.de\/index.php?rest_route=\/wp\/v2\/pages\/9","targetHints":{"allow":["GET"]}}],"collection":[{"href":"https:\/\/www.walden-online.de\/index.php?rest_route=\/wp\/v2\/pages"}],"about":[{"href":"https:\/\/www.walden-online.de\/index.php?rest_route=\/wp\/v2\/types\/page"}],"author":[{"embeddable":true,"href":"https:\/\/www.walden-online.de\/index.php?rest_route=\/wp\/v2\/users\/1"}],"replies":[{"embeddable":true,"href":"https:\/\/www.walden-online.de\/index.php?rest_route=%2Fwp%2Fv2%2Fcomments&post=9"}],"version-history":[{"count":10,"href":"https:\/\/www.walden-online.de\/index.php?rest_route=\/wp\/v2\/pages\/9\/revisions"}],"predecessor-version":[{"id":365,"href":"https:\/\/www.walden-online.de\/index.php?rest_route=\/wp\/v2\/pages\/9\/revisions\/365"}],"wp:attachment":[{"href":"https:\/\/www.walden-online.de\/index.php?rest_route=%2Fwp%2Fv2%2Fmedia&parent=9"}],"curies":[{"name":"wp","href":"https:\/\/api.w.org\/{rel}","templated":true}]}}